{"id":69,"date":"2021-12-03T11:39:07","date_gmt":"2021-12-02T22:39:07","guid":{"rendered":"https:\/\/rivulisdev.tracta.co.nz\/?page_id=69"},"modified":"2024-05-08T00:57:41","modified_gmt":"2024-05-07T12:57:41","slug":"soluciones-completas","status":"publish","type":"page","link":"https:\/\/es.rivulis.com\/turn-key\/soluciones-completas\/","title":{"rendered":"Soluciones completas"},"content":{"rendered":"","protected":false},"excerpt":{"rendered":"","protected":false},"author":1,"featured_media":0,"parent":0,"menu_order":2,"comment_status":"closed","ping_status":"closed","template":"pg-microsite-solution.php","meta":{"_acf_changed":false},"class_list":["post-69","page","type-page","status-publish","hentry"],"acf":[],"yoast_head":"<!-- This site is optimized with the Yoast SEO plugin v25.5 - https:\/\/yoast.com\/wordpress\/plugins\/seo\/ -->\n<title>Rivulis suministra la soluci\u00f3n completa de riego llave en mano<\/title>\n<meta name=\"description\" content=\"Desde el dise\u00f1o y la planificaci\u00f3n hasta la asistencia posventa, estamos a su lado en todo momento.\" \/>\n<meta name=\"robots\" content=\"index, follow, max-snippet:-1, max-image-preview:large, max-video-preview:-1\" \/>\n<link rel=\"canonical\" href=\"https:\/\/es.rivulis.com\/turn-key\/soluciones-completas\/\" \/>\n<meta property=\"og:locale\" content=\"en_US\" \/>\n<meta property=\"og:type\" content=\"article\" \/>\n<meta property=\"og:title\" content=\"Rivulis suministra la soluci\u00f3n completa de riego llave en mano\" \/>\n<meta property=\"og:description\" content=\"Desde el dise\u00f1o y la planificaci\u00f3n hasta la asistencia posventa, estamos a su lado en todo momento.\" \/>\n<meta property=\"og:url\" content=\"https:\/\/es.rivulis.com\/turn-key\/soluciones-completas\/\" \/>\n<meta property=\"og:site_name\" content=\"Rivulis Irrigation Systems\" \/>\n<meta property=\"article:publisher\" content=\"https:\/\/www.facebook.com\/RivulisDripIrrigation\" \/>\n<meta property=\"article:modified_time\" content=\"2024-05-07T12:57:41+00:00\" \/>\n<meta name=\"twitter:card\" content=\"summary_large_image\" \/>\n<script type=\"application\/ld+json\" class=\"yoast-schema-graph\">{\"@context\":\"https:\/\/schema.org\",\"@graph\":[{\"@type\":\"WebPage\",\"@id\":\"https:\/\/es.rivulis.com\/turn-key\/soluciones-completas\/\",\"url\":\"https:\/\/es.rivulis.com\/turn-key\/soluciones-completas\/\",\"name\":\"Rivulis suministra la soluci\u00f3n completa de riego llave en mano\",\"isPartOf\":{\"@id\":\"https:\/\/es.rivulis.com\/turn-key\/#website\"},\"datePublished\":\"2021-12-02T22:39:07+00:00\",\"dateModified\":\"2024-05-07T12:57:41+00:00\",\"description\":\"Desde el dise\u00f1o y la planificaci\u00f3n hasta la asistencia posventa, estamos a su lado en todo momento.\",\"breadcrumb\":{\"@id\":\"https:\/\/es.rivulis.com\/turn-key\/soluciones-completas\/#breadcrumb\"},\"inLanguage\":\"en-US\",\"potentialAction\":[{\"@type\":\"ReadAction\",\"target\":[\"https:\/\/es.rivulis.com\/turn-key\/soluciones-completas\/\"]}]},{\"@type\":\"BreadcrumbList\",\"@id\":\"https:\/\/es.rivulis.com\/turn-key\/soluciones-completas\/#breadcrumb\",\"itemListElement\":[{\"@type\":\"ListItem\",\"position\":1,\"name\":\"Home\",\"item\":\"https:\/\/es.rivulis.com\/turn-key\/\"},{\"@type\":\"ListItem\",\"position\":2,\"name\":\"Soluciones completas\"}]},{\"@type\":\"WebSite\",\"@id\":\"https:\/\/es.rivulis.com\/turn-key\/#website\",\"url\":\"https:\/\/es.rivulis.com\/turn-key\/\",\"name\":\"Rivulis Irrigation Systems\",\"description\":\"The complete solution\",\"publisher\":{\"@id\":\"https:\/\/es.rivulis.com\/turn-key\/#organization\"},\"potentialAction\":[{\"@type\":\"SearchAction\",\"target\":{\"@type\":\"EntryPoint\",\"urlTemplate\":\"https:\/\/es.rivulis.com\/turn-key\/?s={search_term_string}\"},\"query-input\":{\"@type\":\"PropertyValueSpecification\",\"valueRequired\":true,\"valueName\":\"search_term_string\"}}],\"inLanguage\":\"en-US\"},{\"@type\":\"Organization\",\"@id\":\"https:\/\/es.rivulis.com\/turn-key\/#organization\",\"name\":\"Rivulis Irrigation Systems\",\"url\":\"https:\/\/es.rivulis.com\/turn-key\/\",\"logo\":{\"@type\":\"ImageObject\",\"inLanguage\":\"en-US\",\"@id\":\"https:\/\/es.rivulis.com\/turn-key\/#\/schema\/logo\/image\/\",\"url\":\"https:\/\/es.rivulisdev.co.il\/wp-content\/uploads\/2022\/02\/logo.png\",\"contentUrl\":\"https:\/\/es.rivulisdev.co.il\/wp-content\/uploads\/2022\/02\/logo.png\",\"width\":220,\"height\":44,\"caption\":\"Rivulis Irrigation Systems\"},\"image\":{\"@id\":\"https:\/\/es.rivulis.com\/turn-key\/#\/schema\/logo\/image\/\"},\"sameAs\":[\"https:\/\/www.facebook.com\/RivulisDripIrrigation\",\"https:\/\/www.instagram.com\/rivulis.irrigation\/\",\"https:\/\/www.linkedin.com\/company\/rivulis\/\",\"https:\/\/www.youtube.com\/channel\/UCNbDMgwEdCkoxUucCW7P0GQ\"]}]}<\/script>\n<!-- \/ Yoast SEO plugin. -->","yoast_head_json":{"title":"Rivulis suministra la soluci\u00f3n completa de riego llave en mano","description":"Desde el dise\u00f1o y la planificaci\u00f3n hasta la asistencia posventa, estamos a su lado en todo momento.","robots":{"index":"index","follow":"follow","max-snippet":"max-snippet:-1","max-image-preview":"max-image-preview:large","max-video-preview":"max-video-preview:-1"},"canonical":"https:\/\/es.rivulis.com\/turn-key\/soluciones-completas\/","og_locale":"en_US","og_type":"article","og_title":"Rivulis suministra la soluci\u00f3n completa de riego llave en mano","og_description":"Desde el dise\u00f1o y la planificaci\u00f3n hasta la asistencia posventa, estamos a su lado en todo momento.","og_url":"https:\/\/es.rivulis.com\/turn-key\/soluciones-completas\/","og_site_name":"Rivulis Irrigation Systems","article_publisher":"https:\/\/www.facebook.com\/RivulisDripIrrigation","article_modified_time":"2024-05-07T12:57:41+00:00","twitter_card":"summary_large_image","schema":{"@context":"https:\/\/schema.org","@graph":[{"@type":"WebPage","@id":"https:\/\/es.rivulis.com\/turn-key\/soluciones-completas\/","url":"https:\/\/es.rivulis.com\/turn-key\/soluciones-completas\/","name":"Rivulis suministra la soluci\u00f3n completa de riego llave en mano","isPartOf":{"@id":"https:\/\/es.rivulis.com\/turn-key\/#website"},"datePublished":"2021-12-02T22:39:07+00:00","dateModified":"2024-05-07T12:57:41+00:00","description":"Desde el dise\u00f1o y la planificaci\u00f3n hasta la asistencia posventa, estamos a su lado en todo momento.","breadcrumb":{"@id":"https:\/\/es.rivulis.com\/turn-key\/soluciones-completas\/#breadcrumb"},"inLanguage":"en-US","potentialAction":[{"@type":"ReadAction","target":["https:\/\/es.rivulis.com\/turn-key\/soluciones-completas\/"]}]},{"@type":"BreadcrumbList","@id":"https:\/\/es.rivulis.com\/turn-key\/soluciones-completas\/#breadcrumb","itemListElement":[{"@type":"ListItem","position":1,"name":"Home","item":"https:\/\/es.rivulis.com\/turn-key\/"},{"@type":"ListItem","position":2,"name":"Soluciones completas"}]},{"@type":"WebSite","@id":"https:\/\/es.rivulis.com\/turn-key\/#website","url":"https:\/\/es.rivulis.com\/turn-key\/","name":"Rivulis Irrigation Systems","description":"The complete solution","publisher":{"@id":"https:\/\/es.rivulis.com\/turn-key\/#organization"},"potentialAction":[{"@type":"SearchAction","target":{"@type":"EntryPoint","urlTemplate":"https:\/\/es.rivulis.com\/turn-key\/?s={search_term_string}"},"query-input":{"@type":"PropertyValueSpecification","valueRequired":true,"valueName":"search_term_string"}}],"inLanguage":"en-US"},{"@type":"Organization","@id":"https:\/\/es.rivulis.com\/turn-key\/#organization","name":"Rivulis Irrigation Systems","url":"https:\/\/es.rivulis.com\/turn-key\/","logo":{"@type":"ImageObject","inLanguage":"en-US","@id":"https:\/\/es.rivulis.com\/turn-key\/#\/schema\/logo\/image\/","url":"https:\/\/es.rivulisdev.co.il\/wp-content\/uploads\/2022\/02\/logo.png","contentUrl":"https:\/\/es.rivulisdev.co.il\/wp-content\/uploads\/2022\/02\/logo.png","width":220,"height":44,"caption":"Rivulis Irrigation Systems"},"image":{"@id":"https:\/\/es.rivulis.com\/turn-key\/#\/schema\/logo\/image\/"},"sameAs":["https:\/\/www.facebook.com\/RivulisDripIrrigation","https:\/\/www.instagram.com\/rivulis.irrigation\/","https:\/\/www.linkedin.com\/company\/rivulis\/","https:\/\/www.youtube.com\/channel\/UCNbDMgwEdCkoxUucCW7P0GQ"]}]}},"_links":{"self":[{"href":"https:\/\/es.rivulis.com\/turn-key\/wp-json\/wp\/v2\/pages\/69","targetHints":{"allow":["GET"]}}],"collection":[{"href":"https:\/\/es.rivulis.com\/turn-key\/wp-json\/wp\/v2\/pages"}],"about":[{"href":"https:\/\/es.rivulis.com\/turn-key\/wp-json\/wp\/v2\/types\/page"}],"author":[{"embeddable":true,"href":"https:\/\/es.rivulis.com\/turn-key\/wp-json\/wp\/v2\/users\/1"}],"replies":[{"embeddable":true,"href":"https:\/\/es.rivulis.com\/turn-key\/wp-json\/wp\/v2\/comments?post=69"}],"version-history":[{"count":50,"href":"https:\/\/es.rivulis.com\/turn-key\/wp-json\/wp\/v2\/pages\/69\/revisions"}],"predecessor-version":[{"id":1064,"href":"https:\/\/es.rivulis.com\/turn-key\/wp-json\/wp\/v2\/pages\/69\/revisions\/1064"}],"wp:attachment":[{"href":"https:\/\/es.rivulis.com\/turn-key\/wp-json\/wp\/v2\/media?parent=69"}],"curies":[{"name":"wp","href":"https:\/\/api.w.org\/{rel}","templated":true}]}}